{"id":247,"date":"2019-07-24T02:02:38","date_gmt":"2019-07-24T02:02:38","guid":{"rendered":"http:\/\/localhost\/casaesperancaevida\/?page_id=247"},"modified":"2020-03-25T17:30:35","modified_gmt":"2020-03-25T17:30:35","slug":"doe-agora","status":"publish","type":"page","link":"https:\/\/casaesperancaevida.org.br\/index.php\/doe-agora\/","title":{"rendered":"Doe Agora"},"content":{"rendered":"\n<h3 class=\"wp-block-heading\">Voc\u00ea pode nos ajudar a fazer a diferen\u00e7a na vida de muitas pessoas!<\/h3>\n\n\n\n<p>Sua ajuda \u00e9 muito necess\u00e1ria, far\u00e1 uma grande diferen\u00e7a e ser\u00e1 sempre muito bem-vinda!<\/p>\n\n\n\n<p><strong>Veja como pode nos ajudar:<\/strong><\/p>\n\n\n\n<hr class=\"wp-block-separator\"\/>\n\n\n\n<h3 class=\"wp-block-heading\">1. DOA\u00c7\u00d5ES DE BENS DE CONSUMO<\/h3>\n\n\n\n<p>Como alimentos, produtos de limpeza e produtos de higiene pessoal.<\/p>\n\n\n\n<ul><li>Realize sua doa\u00e7\u00e3o diretamente em nossa sede, localizada na Rua Jo\u00e3o Virg\u00edlio, 1477 &#8211; Vermelha, Teresina\/PI. <strong><a href=\"https:\/\/casaesperancaevida.org.br\/index.php\/localizacao-e-contato\/\" target=\"_blank\" rel=\"noreferrer noopener\" aria-label=\" (opens in a new tab)\">Veja o mapa<\/a><\/strong><\/li><li>N\u00f3s tamb\u00e9m podemos combinar outra forma de fazer a capta\u00e7\u00e3o da sua&nbsp;doa\u00e7\u00e3o, basta ligar para n\u00f3s no<strong> (86) 3221-9127<\/strong>.<\/li><\/ul>\n\n\n\n<hr class=\"wp-block-separator\"\/>\n\n\n\n<h3 class=\"wp-block-heading\"><strong>2. DOA\u00c7\u00d5ES FINANCEIRAS<\/strong><\/h3>\n\n\n\n<ul><li><strong>Dep\u00f3sito em conta<\/strong>  <\/li><li><strong>Transfer\u00eancia Banc\u00e1ria<\/strong><\/li><\/ul>\n\n\n\n<p><strong>Banco do Brasil<\/strong><br>Ag\u00eancia: 3219-0<br>Conta Corrente: 9071-9<\/p>\n\n\n\n<p><strong>Caixa Econ\u00f4mica<\/strong><br>Ag\u00eancia: 1989<br>Opera\u00e7\u00e3o: 003<br>Conta Corrente: 3143-2<\/p>\n\n\n\n<ul><li><strong>Cr\u00e9dito ou Boleto<\/strong><\/li><\/ul>\n\n\n\n<p>Basta preencher seu cadastro e escolher o valor que deseja doar. Clique no bot\u00e3o abaixo:<\/p>\n\n\n\n<p><strong><a href=\"https:\/\/casaesperancaevida.org.br\/index.php\/doacoes\/\">Doa\u00e7\u00f5es em Cr\u00e9dito ou Boleto<\/a><\/strong><\/p>\n\n\n\n<hr class=\"wp-block-separator\"\/>\n\n\n\n<h3 class=\"wp-block-heading\"><strong>3. VOLUNTARIADO<\/strong><\/h3>\n\n\n\n<p>Voc\u00ea pode participar das nossas sele\u00e7\u00f5es. Para saber mais a respeito, entre em contato conosco&nbsp;<strong><a rel=\"noreferrer noopener\" href=\"https:\/\/api.whatsapp.com\/send?phone=5586998202622\" target=\"_blank\">clicando aqui para falar atrav\u00e9s do Whatsapp<\/a><\/strong>, ou&nbsp;<strong><a href=\"https:\/\/casaesperancaevida.org.br\/index.php\/localizacao-e-contato\" target=\"_blank\" rel=\"noreferrer noopener\" aria-label=\" (opens in a new tab)\">clicando aqui para enviar mensagem atrav\u00e9s do formul\u00e1rio de contato<\/a>. &nbsp;<\/strong><\/p>\n\n\n\n<hr class=\"wp-block-separator\"\/>\n\n\n\n<h3 class=\"wp-block-heading\">Desde j\u00e1, agradecemos muito pelo seu interesse!<\/h3>\n","protected":false},"excerpt":{"rendered":"<p>Voc\u00ea pode nos ajudar a fazer a diferen\u00e7a na vida de muitas pessoas! Sua ajuda \u00e9 muito necess\u00e1ria, far\u00e1 uma grande diferen\u00e7a e ser\u00e1 sempre muito bem-vinda! Veja como pode nos ajudar: 1. DOA\u00c7\u00d5ES DE BENS DE CONSUMO Como alimentos, produtos de limpeza e produtos de higiene pessoal. Realize sua doa\u00e7\u00e3o diretamente em nossa sede, [&hellip;]<\/p>\n","protected":false},"author":1,"featured_media":250,"parent":0,"menu_order":0,"comment_status":"closed","ping_status":"closed","template":"","meta":{"_acf_changed":false,"_exactmetrics_skip_tracking":false,"_exactmetrics_sitenote_active":false,"_exactmetrics_sitenote_note":"","_exactmetrics_sitenote_category":0,"footnotes":""},"acf":[],"yoast_head":"<!-- This site is optimized with the Yoast SEO plugin v23.5 - https:\/\/yoast.com\/wordpress\/plugins\/seo\/ -->\n<title>Doe Agora - Associa\u00e7\u00e3o Casa Esperan\u00e7a e Vida<\/title>\n<meta name=\"robots\" content=\"index, follow, max-snippet:-1, max-image-preview:large, max-video-preview:-1\" \/>\n<link rel=\"canonical\" href=\"https:\/\/casaesperancaevida.org.br\/index.php\/doe-agora\/\" \/>\n<meta property=\"og:locale\" content=\"pt_BR\" \/>\n<meta property=\"og:type\" content=\"article\" \/>\n<meta property=\"og:title\" content=\"Doe Agora - Associa\u00e7\u00e3o Casa Esperan\u00e7a e Vida\" \/>\n<meta property=\"og:description\" content=\"Voc\u00ea pode nos ajudar a fazer a diferen\u00e7a na vida de muitas pessoas! Sua ajuda \u00e9 muito necess\u00e1ria, far\u00e1 uma grande diferen\u00e7a e ser\u00e1 sempre muito bem-vinda! Veja como pode nos ajudar: 1. DOA\u00c7\u00d5ES DE BENS DE CONSUMO Como alimentos, produtos de limpeza e produtos de higiene pessoal. Realize sua doa\u00e7\u00e3o diretamente em nossa sede, [&hellip;]\" \/>\n<meta property=\"og:url\" content=\"https:\/\/casaesperancaevida.org.br\/index.php\/doe-agora\/\" \/>\n<meta property=\"og:site_name\" content=\"Associa\u00e7\u00e3o Casa Esperan\u00e7a e Vida\" \/>\n<meta property=\"article:modified_time\" content=\"2020-03-25T17:30:35+00:00\" \/>\n<meta property=\"og:image\" content=\"https:\/\/casaesperancaevida.org.br\/wp-content\/uploads\/2019\/07\/20180629_101344-1.jpg\" \/>\n\t<meta property=\"og:image:width\" content=\"800\" \/>\n\t<meta property=\"og:image:height\" content=\"600\" \/>\n\t<meta property=\"og:image:type\" content=\"image\/jpeg\" \/>\n<meta name=\"twitter:card\" content=\"summary_large_image\" \/>\n<meta name=\"twitter:label1\" content=\"Est. tempo de leitura\" \/>\n\t<meta name=\"twitter:data1\" content=\"1 minuto\" \/>\n<script type=\"application\/ld+json\" class=\"yoast-schema-graph\">{\"@context\":\"https:\/\/schema.org\",\"@graph\":[{\"@type\":\"WebPage\",\"@id\":\"https:\/\/casaesperancaevida.org.br\/index.php\/doe-agora\/\",\"url\":\"https:\/\/casaesperancaevida.org.br\/index.php\/doe-agora\/\",\"name\":\"Doe Agora - Associa\u00e7\u00e3o Casa Esperan\u00e7a e Vida\",\"isPartOf\":{\"@id\":\"https:\/\/casaesperancaevida.org.br\/#website\"},\"primaryImageOfPage\":{\"@id\":\"https:\/\/casaesperancaevida.org.br\/index.php\/doe-agora\/#primaryimage\"},\"image\":{\"@id\":\"https:\/\/casaesperancaevida.org.br\/index.php\/doe-agora\/#primaryimage\"},\"thumbnailUrl\":\"https:\/\/casaesperancaevida.org.br\/wp-content\/uploads\/2019\/07\/20180629_101344-1.jpg\",\"datePublished\":\"2019-07-24T02:02:38+00:00\",\"dateModified\":\"2020-03-25T17:30:35+00:00\",\"breadcrumb\":{\"@id\":\"https:\/\/casaesperancaevida.org.br\/index.php\/doe-agora\/#breadcrumb\"},\"inLanguage\":\"pt-BR\",\"potentialAction\":[{\"@type\":\"ReadAction\",\"target\":[\"https:\/\/casaesperancaevida.org.br\/index.php\/doe-agora\/\"]}]},{\"@type\":\"ImageObject\",\"inLanguage\":\"pt-BR\",\"@id\":\"https:\/\/casaesperancaevida.org.br\/index.php\/doe-agora\/#primaryimage\",\"url\":\"https:\/\/casaesperancaevida.org.br\/wp-content\/uploads\/2019\/07\/20180629_101344-1.jpg\",\"contentUrl\":\"https:\/\/casaesperancaevida.org.br\/wp-content\/uploads\/2019\/07\/20180629_101344-1.jpg\",\"width\":800,\"height\":600},{\"@type\":\"BreadcrumbList\",\"@id\":\"https:\/\/casaesperancaevida.org.br\/index.php\/doe-agora\/#breadcrumb\",\"itemListElement\":[{\"@type\":\"ListItem\",\"position\":1,\"name\":\"Home\",\"item\":\"https:\/\/casaesperancaevida.org.br\/\"},{\"@type\":\"ListItem\",\"position\":2,\"name\":\"Doe Agora\"}]},{\"@type\":\"WebSite\",\"@id\":\"https:\/\/casaesperancaevida.org.br\/#website\",\"url\":\"https:\/\/casaesperancaevida.org.br\/\",\"name\":\"Associa\u00e7\u00e3o Casa Esperan\u00e7a e Vida\",\"description\":\"Assist\u00eancia \u00e0s pessoas com c\u00e2ncer - Teresina - PI\",\"potentialAction\":[{\"@type\":\"SearchAction\",\"target\":{\"@type\":\"EntryPoint\",\"urlTemplate\":\"https:\/\/casaesperancaevida.org.br\/?s={search_term_string}\"},\"query-input\":{\"@type\":\"PropertyValueSpecification\",\"valueRequired\":true,\"valueName\":\"search_term_string\"}}],\"inLanguage\":\"pt-BR\"}]}<\/script>\n<!-- \/ Yoast SEO plugin. -->","yoast_head_json":{"title":"Doe Agora - Associa\u00e7\u00e3o Casa Esperan\u00e7a e Vida","robots":{"index":"index","follow":"follow","max-snippet":"max-snippet:-1","max-image-preview":"max-image-preview:large","max-video-preview":"max-video-preview:-1"},"canonical":"https:\/\/casaesperancaevida.org.br\/index.php\/doe-agora\/","og_locale":"pt_BR","og_type":"article","og_title":"Doe Agora - Associa\u00e7\u00e3o Casa Esperan\u00e7a e Vida","og_description":"Voc\u00ea pode nos ajudar a fazer a diferen\u00e7a na vida de muitas pessoas! Sua ajuda \u00e9 muito necess\u00e1ria, far\u00e1 uma grande diferen\u00e7a e ser\u00e1 sempre muito bem-vinda! Veja como pode nos ajudar: 1. DOA\u00c7\u00d5ES DE BENS DE CONSUMO Como alimentos, produtos de limpeza e produtos de higiene pessoal. Realize sua doa\u00e7\u00e3o diretamente em nossa sede, [&hellip;]","og_url":"https:\/\/casaesperancaevida.org.br\/index.php\/doe-agora\/","og_site_name":"Associa\u00e7\u00e3o Casa Esperan\u00e7a e Vida","article_modified_time":"2020-03-25T17:30:35+00:00","og_image":[{"width":800,"height":600,"url":"https:\/\/casaesperancaevida.org.br\/wp-content\/uploads\/2019\/07\/20180629_101344-1.jpg","type":"image\/jpeg"}],"twitter_card":"summary_large_image","twitter_misc":{"Est. tempo de leitura":"1 minuto"},"schema":{"@context":"https:\/\/schema.org","@graph":[{"@type":"WebPage","@id":"https:\/\/casaesperancaevida.org.br\/index.php\/doe-agora\/","url":"https:\/\/casaesperancaevida.org.br\/index.php\/doe-agora\/","name":"Doe Agora - Associa\u00e7\u00e3o Casa Esperan\u00e7a e Vida","isPartOf":{"@id":"https:\/\/casaesperancaevida.org.br\/#website"},"primaryImageOfPage":{"@id":"https:\/\/casaesperancaevida.org.br\/index.php\/doe-agora\/#primaryimage"},"image":{"@id":"https:\/\/casaesperancaevida.org.br\/index.php\/doe-agora\/#primaryimage"},"thumbnailUrl":"https:\/\/casaesperancaevida.org.br\/wp-content\/uploads\/2019\/07\/20180629_101344-1.jpg","datePublished":"2019-07-24T02:02:38+00:00","dateModified":"2020-03-25T17:30:35+00:00","breadcrumb":{"@id":"https:\/\/casaesperancaevida.org.br\/index.php\/doe-agora\/#breadcrumb"},"inLanguage":"pt-BR","potentialAction":[{"@type":"ReadAction","target":["https:\/\/casaesperancaevida.org.br\/index.php\/doe-agora\/"]}]},{"@type":"ImageObject","inLanguage":"pt-BR","@id":"https:\/\/casaesperancaevida.org.br\/index.php\/doe-agora\/#primaryimage","url":"https:\/\/casaesperancaevida.org.br\/wp-content\/uploads\/2019\/07\/20180629_101344-1.jpg","contentUrl":"https:\/\/casaesperancaevida.org.br\/wp-content\/uploads\/2019\/07\/20180629_101344-1.jpg","width":800,"height":600},{"@type":"BreadcrumbList","@id":"https:\/\/casaesperancaevida.org.br\/index.php\/doe-agora\/#breadcrumb","itemListElement":[{"@type":"ListItem","position":1,"name":"Home","item":"https:\/\/casaesperancaevida.org.br\/"},{"@type":"ListItem","position":2,"name":"Doe Agora"}]},{"@type":"WebSite","@id":"https:\/\/casaesperancaevida.org.br\/#website","url":"https:\/\/casaesperancaevida.org.br\/","name":"Associa\u00e7\u00e3o Casa Esperan\u00e7a e Vida","description":"Assist\u00eancia \u00e0s pessoas com c\u00e2ncer - Teresina - PI","potentialAction":[{"@type":"SearchAction","target":{"@type":"EntryPoint","urlTemplate":"https:\/\/casaesperancaevida.org.br\/?s={search_term_string}"},"query-input":{"@type":"PropertyValueSpecification","valueRequired":true,"valueName":"search_term_string"}}],"inLanguage":"pt-BR"}]}},"_links":{"self":[{"href":"https:\/\/casaesperancaevida.org.br\/index.php\/wp-json\/wp\/v2\/pages\/247"}],"collection":[{"href":"https:\/\/casaesperancaevida.org.br\/index.php\/wp-json\/wp\/v2\/pages"}],"about":[{"href":"https:\/\/casaesperancaevida.org.br\/index.php\/wp-json\/wp\/v2\/types\/page"}],"author":[{"embeddable":true,"href":"https:\/\/casaesperancaevida.org.br\/index.php\/wp-json\/wp\/v2\/users\/1"}],"replies":[{"embeddable":true,"href":"https:\/\/casaesperancaevida.org.br\/index.php\/wp-json\/wp\/v2\/comments?post=247"}],"version-history":[{"count":4,"href":"https:\/\/casaesperancaevida.org.br\/index.php\/wp-json\/wp\/v2\/pages\/247\/revisions"}],"predecessor-version":[{"id":294,"href":"https:\/\/casaesperancaevida.org.br\/index.php\/wp-json\/wp\/v2\/pages\/247\/revisions\/294"}],"wp:featuredmedia":[{"embeddable":true,"href":"https:\/\/casaesperancaevida.org.br\/index.php\/wp-json\/wp\/v2\/media\/250"}],"wp:attachment":[{"href":"https:\/\/casaesperancaevida.org.br\/index.php\/wp-json\/wp\/v2\/media?parent=247"}],"curies":[{"name":"wp","href":"https:\/\/api.w.org\/{rel}","templated":true}]}}