{"id":19,"date":"2019-07-14T21:00:43","date_gmt":"2019-07-14T21:00:43","guid":{"rendered":"http:\/\/localhost\/casaesperancaevida\/?page_id=19"},"modified":"2019-07-23T01:38:55","modified_gmt":"2019-07-23T01:38:55","slug":"localizacao-e-contato","status":"publish","type":"page","link":"https:\/\/casaesperancaevida.org.br\/index.php\/localizacao-e-contato\/","title":{"rendered":"Localiza\u00e7\u00e3o e Contato"},"content":{"rendered":"","protected":false},"excerpt":{"rendered":"","protected":false},"author":1,"featured_media":0,"parent":0,"menu_order":0,"comment_status":"closed","ping_status":"closed","template":"page-contato.php","meta":{"_acf_changed":false,"_exactmetrics_skip_tracking":false,"_exactmetrics_sitenote_active":false,"_exactmetrics_sitenote_note":"","_exactmetrics_sitenote_category":0,"footnotes":""},"acf":[],"yoast_head":"<!-- This site is optimized with the Yoast SEO plugin v23.5 - https:\/\/yoast.com\/wordpress\/plugins\/seo\/ -->\n<title>Localiza\u00e7\u00e3o e Contato - Associa\u00e7\u00e3o Casa Esperan\u00e7a e Vida<\/title>\n<meta name=\"robots\" content=\"index, follow, max-snippet:-1, max-image-preview:large, max-video-preview:-1\" \/>\n<link rel=\"canonical\" href=\"https:\/\/casaesperancaevida.org.br\/index.php\/localizacao-e-contato\/\" \/>\n<meta property=\"og:locale\" content=\"pt_BR\" \/>\n<meta property=\"og:type\" content=\"article\" \/>\n<meta property=\"og:title\" content=\"Localiza\u00e7\u00e3o e Contato - Associa\u00e7\u00e3o Casa Esperan\u00e7a e Vida\" \/>\n<meta property=\"og:url\" content=\"https:\/\/casaesperancaevida.org.br\/index.php\/localizacao-e-contato\/\" \/>\n<meta property=\"og:site_name\" content=\"Associa\u00e7\u00e3o Casa Esperan\u00e7a e Vida\" \/>\n<meta property=\"article:modified_time\" content=\"2019-07-23T01:38:55+00:00\" \/>\n<meta name=\"twitter:card\" content=\"summary_large_image\" \/>\n<script type=\"application\/ld+json\" class=\"yoast-schema-graph\">{\"@context\":\"https:\/\/schema.org\",\"@graph\":[{\"@type\":\"WebPage\",\"@id\":\"https:\/\/casaesperancaevida.org.br\/index.php\/localizacao-e-contato\/\",\"url\":\"https:\/\/casaesperancaevida.org.br\/index.php\/localizacao-e-contato\/\",\"name\":\"Localiza\u00e7\u00e3o e Contato - Associa\u00e7\u00e3o Casa Esperan\u00e7a e Vida\",\"isPartOf\":{\"@id\":\"https:\/\/casaesperancaevida.org.br\/#website\"},\"datePublished\":\"2019-07-14T21:00:43+00:00\",\"dateModified\":\"2019-07-23T01:38:55+00:00\",\"breadcrumb\":{\"@id\":\"https:\/\/casaesperancaevida.org.br\/index.php\/localizacao-e-contato\/#breadcrumb\"},\"inLanguage\":\"pt-BR\",\"potentialAction\":[{\"@type\":\"ReadAction\",\"target\":[\"https:\/\/casaesperancaevida.org.br\/index.php\/localizacao-e-contato\/\"]}]},{\"@type\":\"BreadcrumbList\",\"@id\":\"https:\/\/casaesperancaevida.org.br\/index.php\/localizacao-e-contato\/#breadcrumb\",\"itemListElement\":[{\"@type\":\"ListItem\",\"position\":1,\"name\":\"Home\",\"item\":\"https:\/\/casaesperancaevida.org.br\/\"},{\"@type\":\"ListItem\",\"position\":2,\"name\":\"Localiza\u00e7\u00e3o e Contato\"}]},{\"@type\":\"WebSite\",\"@id\":\"https:\/\/casaesperancaevida.org.br\/#website\",\"url\":\"https:\/\/casaesperancaevida.org.br\/\",\"name\":\"Associa\u00e7\u00e3o Casa Esperan\u00e7a e Vida\",\"description\":\"Assist\u00eancia \u00e0s pessoas com c\u00e2ncer - Teresina - PI\",\"potentialAction\":[{\"@type\":\"SearchAction\",\"target\":{\"@type\":\"EntryPoint\",\"urlTemplate\":\"https:\/\/casaesperancaevida.org.br\/?s={search_term_string}\"},\"query-input\":{\"@type\":\"PropertyValueSpecification\",\"valueRequired\":true,\"valueName\":\"search_term_string\"}}],\"inLanguage\":\"pt-BR\"}]}<\/script>\n<!-- \/ Yoast SEO plugin. -->","yoast_head_json":{"title":"Localiza\u00e7\u00e3o e Contato - Associa\u00e7\u00e3o Casa Esperan\u00e7a e Vida","robots":{"index":"index","follow":"follow","max-snippet":"max-snippet:-1","max-image-preview":"max-image-preview:large","max-video-preview":"max-video-preview:-1"},"canonical":"https:\/\/casaesperancaevida.org.br\/index.php\/localizacao-e-contato\/","og_locale":"pt_BR","og_type":"article","og_title":"Localiza\u00e7\u00e3o e Contato - Associa\u00e7\u00e3o Casa Esperan\u00e7a e Vida","og_url":"https:\/\/casaesperancaevida.org.br\/index.php\/localizacao-e-contato\/","og_site_name":"Associa\u00e7\u00e3o Casa Esperan\u00e7a e Vida","article_modified_time":"2019-07-23T01:38:55+00:00","twitter_card":"summary_large_image","schema":{"@context":"https:\/\/schema.org","@graph":[{"@type":"WebPage","@id":"https:\/\/casaesperancaevida.org.br\/index.php\/localizacao-e-contato\/","url":"https:\/\/casaesperancaevida.org.br\/index.php\/localizacao-e-contato\/","name":"Localiza\u00e7\u00e3o e Contato - Associa\u00e7\u00e3o Casa Esperan\u00e7a e Vida","isPartOf":{"@id":"https:\/\/casaesperancaevida.org.br\/#website"},"datePublished":"2019-07-14T21:00:43+00:00","dateModified":"2019-07-23T01:38:55+00:00","breadcrumb":{"@id":"https:\/\/casaesperancaevida.org.br\/index.php\/localizacao-e-contato\/#breadcrumb"},"inLanguage":"pt-BR","potentialAction":[{"@type":"ReadAction","target":["https:\/\/casaesperancaevida.org.br\/index.php\/localizacao-e-contato\/"]}]},{"@type":"BreadcrumbList","@id":"https:\/\/casaesperancaevida.org.br\/index.php\/localizacao-e-contato\/#breadcrumb","itemListElement":[{"@type":"ListItem","position":1,"name":"Home","item":"https:\/\/casaesperancaevida.org.br\/"},{"@type":"ListItem","position":2,"name":"Localiza\u00e7\u00e3o e Contato"}]},{"@type":"WebSite","@id":"https:\/\/casaesperancaevida.org.br\/#website","url":"https:\/\/casaesperancaevida.org.br\/","name":"Associa\u00e7\u00e3o Casa Esperan\u00e7a e Vida","description":"Assist\u00eancia \u00e0s pessoas com c\u00e2ncer - Teresina - PI","potentialAction":[{"@type":"SearchAction","target":{"@type":"EntryPoint","urlTemplate":"https:\/\/casaesperancaevida.org.br\/?s={search_term_string}"},"query-input":{"@type":"PropertyValueSpecification","valueRequired":true,"valueName":"search_term_string"}}],"inLanguage":"pt-BR"}]}},"_links":{"self":[{"href":"https:\/\/casaesperancaevida.org.br\/index.php\/wp-json\/wp\/v2\/pages\/19"}],"collection":[{"href":"https:\/\/casaesperancaevida.org.br\/index.php\/wp-json\/wp\/v2\/pages"}],"about":[{"href":"https:\/\/casaesperancaevida.org.br\/index.php\/wp-json\/wp\/v2\/types\/page"}],"author":[{"embeddable":true,"href":"https:\/\/casaesperancaevida.org.br\/index.php\/wp-json\/wp\/v2\/users\/1"}],"replies":[{"embeddable":true,"href":"https:\/\/casaesperancaevida.org.br\/index.php\/wp-json\/wp\/v2\/comments?post=19"}],"version-history":[{"count":1,"href":"https:\/\/casaesperancaevida.org.br\/index.php\/wp-json\/wp\/v2\/pages\/19\/revisions"}],"predecessor-version":[{"id":20,"href":"https:\/\/casaesperancaevida.org.br\/index.php\/wp-json\/wp\/v2\/pages\/19\/revisions\/20"}],"wp:attachment":[{"href":"https:\/\/casaesperancaevida.org.br\/index.php\/wp-json\/wp\/v2\/media?parent=19"}],"curies":[{"name":"wp","href":"https:\/\/api.w.org\/{rel}","templated":true}]}}