{"id":11,"date":"2019-07-14T20:59:29","date_gmt":"2019-07-14T20:59:29","guid":{"rendered":"http:\/\/localhost\/casaesperancaevida\/?page_id=11"},"modified":"2019-07-23T01:26:30","modified_gmt":"2019-07-23T01:26:30","slug":"o-que-fazemos","status":"publish","type":"page","link":"https:\/\/casaesperancaevida.org.br\/index.php\/o-que-fazemos\/","title":{"rendered":"O que Fazemos"},"content":{"rendered":"\n<h3 class=\"wp-block-heading\">Contribu\u00edmos para o resgate da cidadania e do bem-estar social de pessoas com c\u00e2ncer e seus familiares&#8230;<\/h3>\n\n\n\n<p>Nosso objetivo \u00e9 contribuir para que os usu\u00e1rios e seus familiares possam enfrentar as dificuldades do tratamento contra o c\u00e2ncer da forma menos dolorosa poss\u00edvel, colaborando para a supera\u00e7\u00e3o de cada etapa da doen\u00e7a e do tratamento oncol\u00f3gico, sempre em busca da cura.<\/p>\n\n\n\n<p>Nossas formas de atua\u00e7\u00e3o &#8211; que voc\u00ea poder\u00e1 conhecer abaixo &#8211; s\u00e3o pensadas para isto, e acontecem, na grande maioria dos casos, na sede da Associa\u00e7\u00e3o, cuja <strong>estrutura conta com salas para atendimentos, cozinha, brinquedoteca, sala de estar e albergue para o per\u00edodo do dia<\/strong>.<\/p>\n","protected":false},"excerpt":{"rendered":"<p>Contribu\u00edmos para o resgate da cidadania e do bem-estar social de pessoas com c\u00e2ncer e seus familiares&#8230; Nosso objetivo \u00e9 contribuir para que os usu\u00e1rios e seus familiares possam enfrentar as dificuldades do tratamento contra o c\u00e2ncer da forma menos dolorosa poss\u00edvel, colaborando para a supera\u00e7\u00e3o de cada etapa da doen\u00e7a e do tratamento oncol\u00f3gico, [&hellip;]<\/p>\n","protected":false},"author":1,"featured_media":0,"parent":0,"menu_order":0,"comment_status":"closed","ping_status":"closed","template":"page-fazemos.php","meta":{"_acf_changed":false,"_exactmetrics_skip_tracking":false,"_exactmetrics_sitenote_active":false,"_exactmetrics_sitenote_note":"","_exactmetrics_sitenote_category":0,"footnotes":""},"acf":[],"yoast_head":"<!-- This site is optimized with the Yoast SEO plugin v23.5 - https:\/\/yoast.com\/wordpress\/plugins\/seo\/ -->\n<title>O que Fazemos - Associa\u00e7\u00e3o Casa Esperan\u00e7a e Vida<\/title>\n<meta name=\"robots\" content=\"index, follow, max-snippet:-1, max-image-preview:large, max-video-preview:-1\" \/>\n<link rel=\"canonical\" href=\"https:\/\/casaesperancaevida.org.br\/index.php\/o-que-fazemos\/\" \/>\n<meta property=\"og:locale\" content=\"pt_BR\" \/>\n<meta property=\"og:type\" content=\"article\" \/>\n<meta property=\"og:title\" content=\"O que Fazemos - Associa\u00e7\u00e3o Casa Esperan\u00e7a e Vida\" \/>\n<meta property=\"og:description\" content=\"Contribu\u00edmos para o resgate da cidadania e do bem-estar social de pessoas com c\u00e2ncer e seus familiares&#8230; Nosso objetivo \u00e9 contribuir para que os usu\u00e1rios e seus familiares possam enfrentar as dificuldades do tratamento contra o c\u00e2ncer da forma menos dolorosa poss\u00edvel, colaborando para a supera\u00e7\u00e3o de cada etapa da doen\u00e7a e do tratamento oncol\u00f3gico, [&hellip;]\" \/>\n<meta property=\"og:url\" content=\"https:\/\/casaesperancaevida.org.br\/index.php\/o-que-fazemos\/\" \/>\n<meta property=\"og:site_name\" content=\"Associa\u00e7\u00e3o Casa Esperan\u00e7a e Vida\" \/>\n<meta property=\"article:modified_time\" content=\"2019-07-23T01:26:30+00:00\" \/>\n<meta name=\"twitter:card\" content=\"summary_large_image\" \/>\n<meta name=\"twitter:label1\" content=\"Est. tempo de leitura\" \/>\n\t<meta name=\"twitter:data1\" content=\"1 minuto\" \/>\n<script type=\"application\/ld+json\" class=\"yoast-schema-graph\">{\"@context\":\"https:\/\/schema.org\",\"@graph\":[{\"@type\":\"WebPage\",\"@id\":\"https:\/\/casaesperancaevida.org.br\/index.php\/o-que-fazemos\/\",\"url\":\"https:\/\/casaesperancaevida.org.br\/index.php\/o-que-fazemos\/\",\"name\":\"O que Fazemos - Associa\u00e7\u00e3o Casa Esperan\u00e7a e Vida\",\"isPartOf\":{\"@id\":\"https:\/\/casaesperancaevida.org.br\/#website\"},\"datePublished\":\"2019-07-14T20:59:29+00:00\",\"dateModified\":\"2019-07-23T01:26:30+00:00\",\"breadcrumb\":{\"@id\":\"https:\/\/casaesperancaevida.org.br\/index.php\/o-que-fazemos\/#breadcrumb\"},\"inLanguage\":\"pt-BR\",\"potentialAction\":[{\"@type\":\"ReadAction\",\"target\":[\"https:\/\/casaesperancaevida.org.br\/index.php\/o-que-fazemos\/\"]}]},{\"@type\":\"BreadcrumbList\",\"@id\":\"https:\/\/casaesperancaevida.org.br\/index.php\/o-que-fazemos\/#breadcrumb\",\"itemListElement\":[{\"@type\":\"ListItem\",\"position\":1,\"name\":\"Home\",\"item\":\"https:\/\/casaesperancaevida.org.br\/\"},{\"@type\":\"ListItem\",\"position\":2,\"name\":\"O que Fazemos\"}]},{\"@type\":\"WebSite\",\"@id\":\"https:\/\/casaesperancaevida.org.br\/#website\",\"url\":\"https:\/\/casaesperancaevida.org.br\/\",\"name\":\"Associa\u00e7\u00e3o Casa Esperan\u00e7a e Vida\",\"description\":\"Assist\u00eancia \u00e0s pessoas com c\u00e2ncer - Teresina - PI\",\"potentialAction\":[{\"@type\":\"SearchAction\",\"target\":{\"@type\":\"EntryPoint\",\"urlTemplate\":\"https:\/\/casaesperancaevida.org.br\/?s={search_term_string}\"},\"query-input\":{\"@type\":\"PropertyValueSpecification\",\"valueRequired\":true,\"valueName\":\"search_term_string\"}}],\"inLanguage\":\"pt-BR\"}]}<\/script>\n<!-- \/ Yoast SEO plugin. -->","yoast_head_json":{"title":"O que Fazemos - Associa\u00e7\u00e3o Casa Esperan\u00e7a e Vida","robots":{"index":"index","follow":"follow","max-snippet":"max-snippet:-1","max-image-preview":"max-image-preview:large","max-video-preview":"max-video-preview:-1"},"canonical":"https:\/\/casaesperancaevida.org.br\/index.php\/o-que-fazemos\/","og_locale":"pt_BR","og_type":"article","og_title":"O que Fazemos - Associa\u00e7\u00e3o Casa Esperan\u00e7a e Vida","og_description":"Contribu\u00edmos para o resgate da cidadania e do bem-estar social de pessoas com c\u00e2ncer e seus familiares&#8230; Nosso objetivo \u00e9 contribuir para que os usu\u00e1rios e seus familiares possam enfrentar as dificuldades do tratamento contra o c\u00e2ncer da forma menos dolorosa poss\u00edvel, colaborando para a supera\u00e7\u00e3o de cada etapa da doen\u00e7a e do tratamento oncol\u00f3gico, [&hellip;]","og_url":"https:\/\/casaesperancaevida.org.br\/index.php\/o-que-fazemos\/","og_site_name":"Associa\u00e7\u00e3o Casa Esperan\u00e7a e Vida","article_modified_time":"2019-07-23T01:26:30+00:00","twitter_card":"summary_large_image","twitter_misc":{"Est. tempo de leitura":"1 minuto"},"schema":{"@context":"https:\/\/schema.org","@graph":[{"@type":"WebPage","@id":"https:\/\/casaesperancaevida.org.br\/index.php\/o-que-fazemos\/","url":"https:\/\/casaesperancaevida.org.br\/index.php\/o-que-fazemos\/","name":"O que Fazemos - Associa\u00e7\u00e3o Casa Esperan\u00e7a e Vida","isPartOf":{"@id":"https:\/\/casaesperancaevida.org.br\/#website"},"datePublished":"2019-07-14T20:59:29+00:00","dateModified":"2019-07-23T01:26:30+00:00","breadcrumb":{"@id":"https:\/\/casaesperancaevida.org.br\/index.php\/o-que-fazemos\/#breadcrumb"},"inLanguage":"pt-BR","potentialAction":[{"@type":"ReadAction","target":["https:\/\/casaesperancaevida.org.br\/index.php\/o-que-fazemos\/"]}]},{"@type":"BreadcrumbList","@id":"https:\/\/casaesperancaevida.org.br\/index.php\/o-que-fazemos\/#breadcrumb","itemListElement":[{"@type":"ListItem","position":1,"name":"Home","item":"https:\/\/casaesperancaevida.org.br\/"},{"@type":"ListItem","position":2,"name":"O que Fazemos"}]},{"@type":"WebSite","@id":"https:\/\/casaesperancaevida.org.br\/#website","url":"https:\/\/casaesperancaevida.org.br\/","name":"Associa\u00e7\u00e3o Casa Esperan\u00e7a e Vida","description":"Assist\u00eancia \u00e0s pessoas com c\u00e2ncer - Teresina - PI","potentialAction":[{"@type":"SearchAction","target":{"@type":"EntryPoint","urlTemplate":"https:\/\/casaesperancaevida.org.br\/?s={search_term_string}"},"query-input":{"@type":"PropertyValueSpecification","valueRequired":true,"valueName":"search_term_string"}}],"inLanguage":"pt-BR"}]}},"_links":{"self":[{"href":"https:\/\/casaesperancaevida.org.br\/index.php\/wp-json\/wp\/v2\/pages\/11"}],"collection":[{"href":"https:\/\/casaesperancaevida.org.br\/index.php\/wp-json\/wp\/v2\/pages"}],"about":[{"href":"https:\/\/casaesperancaevida.org.br\/index.php\/wp-json\/wp\/v2\/types\/page"}],"author":[{"embeddable":true,"href":"https:\/\/casaesperancaevida.org.br\/index.php\/wp-json\/wp\/v2\/users\/1"}],"replies":[{"embeddable":true,"href":"https:\/\/casaesperancaevida.org.br\/index.php\/wp-json\/wp\/v2\/comments?post=11"}],"version-history":[{"count":2,"href":"https:\/\/casaesperancaevida.org.br\/index.php\/wp-json\/wp\/v2\/pages\/11\/revisions"}],"predecessor-version":[{"id":104,"href":"https:\/\/casaesperancaevida.org.br\/index.php\/wp-json\/wp\/v2\/pages\/11\/revisions\/104"}],"wp:attachment":[{"href":"https:\/\/casaesperancaevida.org.br\/index.php\/wp-json\/wp\/v2\/media?parent=11"}],"curies":[{"name":"wp","href":"https:\/\/api.w.org\/{rel}","templated":true}]}}